{"id":33,"date":"2016-07-19T21:27:02","date_gmt":"2016-07-19T19:27:02","guid":{"rendered":"http:\/\/totaltheme.wpengine.com\/landscaping\/?page_id=33"},"modified":"2021-03-11T09:16:14","modified_gmt":"2021-03-11T08:16:14","slug":"contatti","status":"publish","type":"page","link":"https:\/\/agriturismocasteddu.com\/ITA\/contatti\/","title":{"rendered":"Dove siamo"},"content":{"rendered":"[vc_row full_width=&#8221;stretch_row_content_no_spaces&#8221;][vc_column][vc_gmaps link=&#8221;#E-8_JTNDaWZyYW1lJTIwc3JjJTNEJTIyaHR0cHMlM0ElMkYlMkZ3d3cuZ29vZ2xlLmNvbSUyRm1hcHMlMkZlbWJlZCUzRnBiJTNEJTIxMW0xNCUyMTFtOCUyMTFtMyUyMTFkMTIwODYuNDA1OTYxNTM2Mjc3JTIxMmQ5LjU1NjExOCUyMTNkNDAuNzcwNzg4OSUyMTNtMiUyMTFpMTAyNCUyMTJpNzY4JTIxNGYxMy4xJTIxM20zJTIxMW0yJTIxMXMweDAlMjUzQTB4MjQwYmQwYWU1MTVkZGI2ZSUyMTJzQWdyaXR1cmlzbW8lMjUyMENhc3RlZGR1JTIxNWUwJTIxM20yJTIxMXNpdCUyMTJzaXQlMjE0djE1ODM1MDQ3Mjg1MDElMjE1bTIlMjExc2l0JTIxMnNpdCUyMiUyMHdpZHRoJTNEJTIyNjAwJTIyJTIwaGVpZ2h0JTNEJTIyNDUwJTIyJTIwZnJhbWVib3JkZXIlM0QlMjIwJTIyJTIwc3R5bGUlM0QlMjJib3JkZXIlM0EwJTNCJTIyJTIwYWxsb3dmdWxsc2NyZWVuJTNEJTIyJTIyJTNFJTNDJTJGaWZyYW1lJTNF&#8221;][\/vc_column][\/vc_row][vc_row][vc_column 0=&#8221;&#8221; width=&#8221;1\/2&#8243; css=&#8221;.vc_custom_1518903408283{padding-top: 40px !important;}&#8221;][vc_column_text 0=&#8221;&#8221;]\n<p style=\"text-align: justify;\">L\u2019agriturismo Casteddu di Camilla Arru si trova in un incantevole bosco di lecci e querce centenarie a Padru, <strong>a 15 minuti da San Teodoro e 20 da Olbia<\/strong>.<\/p>\n<p><a href=\"https:\/\/www.google.com\/maps\/dir\/\/40.7712839,9.5557928\/@40.774014,9.555793,13z?hl=it-IT\" target=\"_blank\" rel=\"noopener noreferrer\">Clicca QUI\u00a0<\/a> o sulla mappa per scegliere l\u2019itinerario pi\u00f9 comodo per raggiungerci.<\/p>\n<p style=\"text-align: justify;\">Lo stazzo \u00e8 una delle pi\u00f9 antiche case rurali di quest\u2019area. La famiglia del proprietario Antonio ha vissuto in questo stazzo sin dal 1800.<\/p>\n<p style=\"text-align: justify;\">La loro propriet\u00e0 si estende sino alla cima del monte \u201cCasteddazzu\u201d, dove vivono indisturbati numerosi animali selvatici, tra cui: il cinghiale, la martora e l\u2019aquila reale.<\/p>\n<p style=\"text-align: justify;\">E\u2019 un angolo tipico di una \u201cGallura\u201d dimenticata, dove fitte foreste di querce da sughero accendono l\u2019immaginazione di antiche favole.<\/p>\n<p style=\"text-align: justify;\">L\u2019azienda agrituristica \u00e8 circondata da numerose querce gigantesche, la pi\u00f9 autorevole delle quali ha oltre 800 anni, una circonferenza di ben 6 metri ed \u00e8 considerata \u201cPianta monumentale\u201d.<\/p>\n[\/vc_column_text][\/vc_column][vc_column width=&#8221;1\/2&#8243; css=&#8221;.vc_custom_1518900818284{padding-top: 20px !important;}&#8221;][vc_column_text]\n<p style=\"text-align: center;\"><span style=\"color: #056597; font-size: 24px;\">Prenotazione Soggiorno<\/span><\/p>\n[\/vc_column_text]<div class=\"vcex-spacing wpex-w-100 wpex-clear\" style=\"height:30px\"><\/div><div class=\"vcex-module vcex-form-shortcode wpex-form wpex-m-auto wpex-max-w-100 wpex-form-min full-width-input\">\n<div class=\"wpcf7 no-js\" id=\"wpcf7-f27-o1\" lang=\"en-US\" dir=\"ltr\" data-wpcf7-id=\"27\">\n<div class=\"screen-reader-response\"><p role=\"status\" aria-live=\"polite\" aria-atomic=\"true\"><\/p> <ul><\/ul><\/div>\n<form action=\"\/ITA\/wp-json\/wp\/v2\/pages\/33#wpcf7-f27-o1\" method=\"post\" class=\"wpcf7-form init\" aria-label=\"Contact form\" novalidate=\"novalidate\" data-status=\"init\">\n<fieldset class=\"hidden-fields-container\"><input type=\"hidden\" name=\"_wpcf7\" value=\"27\" \/><input type=\"hidden\" name=\"_wpcf7_version\" value=\"6.1.5\" \/><input type=\"hidden\" name=\"_wpcf7_locale\" value=\"en_US\" \/><input type=\"hidden\" name=\"_wpcf7_unit_tag\" value=\"wpcf7-f27-o1\" \/><input type=\"hidden\" name=\"_wpcf7_container_post\" value=\"0\" \/><input type=\"hidden\" name=\"_wpcf7_posted_data_hash\" value=\"\" \/><input type=\"hidden\" name=\"_wpcf7_recaptcha_response\" value=\"\" \/>\n<\/fieldset>\n\n<div class=\"wpex-row clr\">\n\t<div class=\"span_1_of_2 col clr\">\n\t\t<p>Nome e Cognome<br \/>\n<span class=\"wpcf7-form-control-wrap\" data-name=\"your-name\"><input size=\"40\" maxlength=\"400\" class=\"wpcf7-form-control wpcf7-text wpcf7-validates-as-required\" aria-required=\"true\" aria-invalid=\"false\" value=\"\" type=\"text\" name=\"your-name\" \/><\/span>\n\t\t<\/p>\n\t<\/div>\n\t<div class=\"span_1_of_2 col clr\">\n\t\t<p>Email<br \/>\n<span class=\"wpcf7-form-control-wrap\" data-name=\"your-email\"><input size=\"40\" maxlength=\"400\" class=\"wpcf7-form-control wpcf7-email wpcf7-validates-as-required wpcf7-text wpcf7-validates-as-email\" aria-required=\"true\" aria-invalid=\"false\" value=\"\" type=\"email\" name=\"your-email\" \/><\/span>\n\t\t<\/p>\n\t<\/div>\n\t<div class=\"span_1_of_2 col clr\">\n\t\t<p>Data di arrivo<br \/>\n<span class=\"wpcf7-form-control-wrap\" data-name=\"date-137\"><input class=\"wpcf7-form-control wpcf7-date wpcf7-validates-as-required wpcf7-validates-as-date\" aria-required=\"true\" aria-invalid=\"false\" value=\"\" type=\"date\" name=\"date-137\" \/><\/span>\n\t\t<\/p>\n\t<\/div>\n\t<div class=\"span_1_of_2 col clr\">\n\t\t<p>Data di partenza<br \/>\n<span class=\"wpcf7-form-control-wrap\" data-name=\"date-295\"><input class=\"wpcf7-form-control wpcf7-date wpcf7-validates-as-required wpcf7-validates-as-date\" aria-required=\"true\" aria-invalid=\"false\" value=\"\" type=\"date\" name=\"date-295\" \/><\/span>\n\t\t<\/p>\n\t<\/div>\n\t<div class=\"span_1_of_2 col clr\">\n\t\t<p>Adulti<br \/>\n<span class=\"wpcf7-form-control-wrap\" data-name=\"menu-735\"><select class=\"wpcf7-form-control wpcf7-select wpcf7-validates-as-required\" aria-required=\"true\" aria-invalid=\"false\" name=\"menu-735\"><option value=\"\">&#8212;Please choose an option&#8212;<\/option><option value=\"1\">1<\/option><option value=\"2\">2<\/option><option value=\"3\">3<\/option><option value=\"4\">4<\/option><option value=\"5\">5<\/option><\/select><\/span>\n\t\t<\/p>\n\t<\/div>\n\t<div class=\"span_1_of_2 col clr\">\n\t\t<p>Bambini 3-10 anni<br \/>\n<span class=\"wpcf7-form-control-wrap\" data-name=\"menu-290\"><select class=\"wpcf7-form-control wpcf7-select wpcf7-validates-as-required\" aria-required=\"true\" aria-invalid=\"false\" name=\"menu-290\"><option value=\"\">&#8212;Please choose an option&#8212;<\/option><option value=\"0\">0<\/option><option value=\"1\">1<\/option><option value=\"2\">2<\/option><option value=\"3\">3<\/option><option value=\"4\">4<\/option><option value=\"5\">5<\/option><\/select><\/span>\n\t\t<\/p>\n\t<\/div>\n<\/div>\n<p>PRIVACY Policy<br \/>\nI dati inseriti saranno utilizzati unicamente per rispondere alla tua richiesta (EU 679\/2016). Accetto <span class=\"wpcf7-form-control-wrap\" data-name=\"acceptance-758\"><span class=\"wpcf7-form-control wpcf7-acceptance\"><span class=\"wpcf7-list-item\"><input type=\"checkbox\" name=\"acceptance-758\" value=\"1\" aria-invalid=\"false\" \/><\/span><\/span><\/span>\n<\/p>\n<p><input class=\"wpcf7-form-control wpcf7-submit has-spinner\" type=\"submit\" value=\"Invia la richiesta\" \/>\n<\/p><div class=\"wpcf7-response-output\" aria-hidden=\"true\"><\/div>\n<\/form>\n<\/div>\n<\/div>[\/vc_column][\/vc_row]\n","protected":false},"excerpt":{"rendered":"<p>[vc_row full_width=&#8221;stretch_row_content_no_spaces&#8221;][vc_column][vc_gmaps link=&#8221;#E-8_JTNDaWZyYW1lJTIwc3JjJTNEJTIyaHR0cHMlM0ElMkYlMkZ3d3cuZ29vZ2xlLmNvbSUyRm1hcHMlMkZlbWJlZCUzRnBiJTNEJTIxMW0xNCUyMTFtOCUyMTFtMyUyMTFkMTIwODYuNDA1OTYxNTM2Mjc3JTIxMmQ5LjU1NjExOCUyMTNkNDAuNzcwNzg4OSUyMTNtMiUyMTFpMTAyNCUyMTJpNzY4JTIxNGYxMy4xJTIxM20zJTIxMW0yJTIxMXMweDAlMjUzQTB4MjQwYmQwYWU1MTVkZGI2ZSUyMTJzQWdyaXR1cmlzbW8lMjUyMENhc3RlZGR1JTIxNWUwJTIxM20yJTIxMXNpdCUyMTJzaXQlMjE0djE1ODM1MDQ3Mjg1MDElMjE1bTIlMjExc2l0JTIxMnNpdCUyMiUyMHdpZHRoJTNEJTIyNjAwJTIyJTIwaGVpZ2h0JTNEJTIyNDUwJTIyJTIwZnJhbWVib3JkZXIlM0QlMjIwJTIyJTIwc3R5bGUlM0QlMjJib3JkZXIlM0EwJTNCJTIyJTIwYWxsb3dmdWxsc2NyZWVuJTNEJTIyJTIyJTNFJTNDJTJGaWZyYW1lJTNF&#8221;][\/vc_column][\/vc_row][vc_row][vc_column 0=&#8221;&#8221; width=&#8221;1\/2&#8243; css=&#8221;.vc_custom_1518903408283{padding-top: 40px !important;}&#8221;][vc_column_text 0=&#8221;&#8221;] L\u2019agriturismo Casteddu di Camilla Arru si trova in un incantevole bosco di lecci e querce centenarie a Padru, a 15 minuti da San Teodoro e 20 da Olbia. Clicca QUI\u00a0 o&hellip;<\/p>\n","protected":false},"author":1,"featured_media":113,"parent":0,"menu_order":0,"comment_status":"closed","ping_status":"closed","template":"","meta":{"footnotes":""},"class_list":["post-33","page","type-page","status-publish","has-post-thumbnail","hentry","entry","has-media"],"jetpack_sharing_enabled":true,"_links":{"self":[{"href":"https:\/\/agriturismocasteddu.com\/ITA\/wp-json\/wp\/v2\/pages\/33","targetHints":{"allow":["GET"]}}],"collection":[{"href":"https:\/\/agriturismocasteddu.com\/ITA\/wp-json\/wp\/v2\/pages"}],"about":[{"href":"https:\/\/agriturismocasteddu.com\/ITA\/wp-json\/wp\/v2\/types\/page"}],"author":[{"embeddable":true,"href":"https:\/\/agriturismocasteddu.com\/ITA\/wp-json\/wp\/v2\/users\/1"}],"replies":[{"embeddable":true,"href":"https:\/\/agriturismocasteddu.com\/ITA\/wp-json\/wp\/v2\/comments?post=33"}],"version-history":[{"count":23,"href":"https:\/\/agriturismocasteddu.com\/ITA\/wp-json\/wp\/v2\/pages\/33\/revisions"}],"predecessor-version":[{"id":234,"href":"https:\/\/agriturismocasteddu.com\/ITA\/wp-json\/wp\/v2\/pages\/33\/revisions\/234"}],"wp:featuredmedia":[{"embeddable":true,"href":"https:\/\/agriturismocasteddu.com\/ITA\/wp-json\/wp\/v2\/media\/113"}],"wp:attachment":[{"href":"https:\/\/agriturismocasteddu.com\/ITA\/wp-json\/wp\/v2\/media?parent=33"}],"curies":[{"name":"wp","href":"https:\/\/api.w.org\/{rel}","templated":true}]}}