{"id":30,"date":"2016-07-19T21:27:08","date_gmt":"2016-07-19T21:27:08","guid":{"rendered":"http:\/\/totaltheme.wpengine.com\/landscaping\/?page_id=30"},"modified":"2021-12-11T12:28:52","modified_gmt":"2021-12-11T11:28:52","slug":"soggiorno","status":"publish","type":"page","link":"https:\/\/agriturismocasteddu.com\/ITA\/soggiorno\/","title":{"rendered":"Soggiorno"},"content":{"rendered":"[vc_row][vc_column][vc_column_text]Gli ambienti a disposizione sono ricavati da locali preesistenti che facevano parte delle strutture di pertinenza dello stazzo di Casteddu e cos\u00ec anche i magazzini e le vecchie stalle, sono stati riconvertiti in punto di ristoro e camere per gli ospiti. Le ristrutturazioni sono state realizzate, avendo cura di rispettare sia la tipologia costruttiva tradizionale sia l\u2019utilizzo o meglio il riutilizzo dei materiali originali che alla fine del XVIII hanno dato origine a quest\u2019architettura rurale fatta di pietra, legno e calce e con i tetti i cui coppi poggiano su degli incannuciati a vista.<br \/>\nLe camere da letto: Camilla, Carlotta, Sofia e Chiara, sono tutte doppie o triple con bagno e hanno a disposizione un ampio giardino alberato dove ci si pu\u00f2 rilassare o praticare delle attivit\u00e0 ricreative; il luogo \u00e8 ideale sopratutto per famiglie con bambini che possono dedicarsi al gioco in un ambiente gradevole e rilassante.<\/p>\n<p>Le pulizie sono giornaliere, mentre il cambio degli asciugamani \u00e8 a richiesta e quello delle lenzuola ogni tre giorni.<\/p>\n<p>Il trattamento riservato agli ospiti \u00e8 quello della mezza pensione o quello di camera con prima colazione.<\/p>\n<p>I bambini fino a tre anni non pagano, mentre fino a 10 anni usufruiscono di una riduzione del 50%.<\/p>\n<p>Le colazioni sono servite normalmente dalle ore 8.00 alle 10.00 mentre la cena viene servita, salvo diversi accordi alle ore 20.30 e il men\u00f9 viene concordato giornalmente.[\/vc_column_text][vc_separator color=&#8221;custom&#8221; accent_color=&#8221;#64a038&#8243; css=&#8221;.vc_custom_1518974980037{padding-top: 10px !important;padding-bottom: 10px !important;}&#8221;]<div class=\"vcex-image-grid-wrap wpex-clr\"><div class=\"vcex-module vcex-image-grid wpex-clr grid-style-default wpex-row gap-1 wpex-lightbox-group\"><div class=\"id-299 vcex-image-grid-entry vcex-grid-item textcenter span_1_of_6 col col-1\"><figure class=\"vcex-image-grid-entry-figure wpex-last-mb-0 wpex-clr vc_custom_1639222130348\"><div class=\"vcex-image-grid-entry-img entry-media wpex-mb-20\"><a href=\"https:\/\/i0.wp.com\/agriturismocasteddu.com\/ITA\/wp-content\/uploads\/2021\/12\/camera_doppia_1-1.png?fit=800%2C533&#038;ssl=1\" class=\"vcex-image-grid-entry-img wpex-lightbox-group-item\" ><img data-recalc-dims=\"1\" decoding=\"async\" loading=\"lazy\" class=\"wpex-align-middle\" src=\"https:\/\/i0.wp.com\/agriturismocasteddu.com\/ITA\/wp-content\/uploads\/2021\/12\/camera_doppia_1-1.png?resize=350%2C250&#038;ssl=1\" alt=\"\" width=\"350\" height=\"250\" \/><\/a><\/div><\/figure><\/div><div class=\"id-300 vcex-image-grid-entry vcex-grid-item textcenter span_1_of_6 col col-2\"><figure class=\"vcex-image-grid-entry-figure wpex-last-mb-0 wpex-clr vc_custom_1639222130348\"><div class=\"vcex-image-grid-entry-img entry-media wpex-mb-20\"><a href=\"https:\/\/i0.wp.com\/agriturismocasteddu.com\/ITA\/wp-content\/uploads\/2021\/12\/camera_doppia_2-1.png?fit=800%2C533&#038;ssl=1\" class=\"vcex-image-grid-entry-img wpex-lightbox-group-item\" ><img data-recalc-dims=\"1\" decoding=\"async\" loading=\"lazy\" class=\"wpex-align-middle\" src=\"https:\/\/i0.wp.com\/agriturismocasteddu.com\/ITA\/wp-content\/uploads\/2021\/12\/camera_doppia_2-1.png?resize=350%2C250&#038;ssl=1\" alt=\"\" width=\"350\" height=\"250\" \/><\/a><\/div><\/figure><\/div><div class=\"id-301 vcex-image-grid-entry vcex-grid-item textcenter span_1_of_6 col col-3\"><figure class=\"vcex-image-grid-entry-figure wpex-last-mb-0 wpex-clr vc_custom_1639222130348\"><div class=\"vcex-image-grid-entry-img entry-media wpex-mb-20\"><a href=\"https:\/\/i0.wp.com\/agriturismocasteddu.com\/ITA\/wp-content\/uploads\/2021\/12\/camera_quadrupla_1-1.png?fit=800%2C533&#038;ssl=1\" class=\"vcex-image-grid-entry-img wpex-lightbox-group-item\" ><img data-recalc-dims=\"1\" decoding=\"async\" loading=\"lazy\" class=\"wpex-align-middle\" src=\"https:\/\/i0.wp.com\/agriturismocasteddu.com\/ITA\/wp-content\/uploads\/2021\/12\/camera_quadrupla_1-1.png?resize=350%2C250&#038;ssl=1\" alt=\"\" width=\"350\" height=\"250\" \/><\/a><\/div><\/figure><\/div><div class=\"id-302 vcex-image-grid-entry vcex-grid-item textcenter span_1_of_6 col col-4\"><figure class=\"vcex-image-grid-entry-figure wpex-last-mb-0 wpex-clr vc_custom_1639222130348\"><div class=\"vcex-image-grid-entry-img entry-media wpex-mb-20\"><a href=\"https:\/\/i0.wp.com\/agriturismocasteddu.com\/ITA\/wp-content\/uploads\/2021\/12\/camera_quadrupla_2-1.png?fit=800%2C533&#038;ssl=1\" class=\"vcex-image-grid-entry-img wpex-lightbox-group-item\" ><img data-recalc-dims=\"1\" decoding=\"async\" loading=\"lazy\" class=\"wpex-align-middle\" src=\"https:\/\/i0.wp.com\/agriturismocasteddu.com\/ITA\/wp-content\/uploads\/2021\/12\/camera_quadrupla_2-1.png?resize=350%2C250&#038;ssl=1\" alt=\"\" width=\"350\" height=\"250\" \/><\/a><\/div><\/figure><\/div><div class=\"id-322 vcex-image-grid-entry vcex-grid-item textcenter span_1_of_6 col col-5\"><figure class=\"vcex-image-grid-entry-figure wpex-last-mb-0 wpex-clr vc_custom_1639222130348\"><div class=\"vcex-image-grid-entry-img entry-media wpex-mb-20\"><a href=\"https:\/\/i0.wp.com\/agriturismocasteddu.com\/ITA\/wp-content\/uploads\/2021\/12\/camera_tripla_1.png?fit=800%2C533&#038;ssl=1\" class=\"vcex-image-grid-entry-img wpex-lightbox-group-item\" ><img data-recalc-dims=\"1\" decoding=\"async\" loading=\"lazy\" class=\"wpex-align-middle\" src=\"https:\/\/i0.wp.com\/agriturismocasteddu.com\/ITA\/wp-content\/uploads\/2021\/12\/camera_tripla_1.png?resize=350%2C250&#038;ssl=1\" alt=\"\" width=\"350\" height=\"250\" \/><\/a><\/div><\/figure><\/div><div class=\"id-156 vcex-image-grid-entry vcex-grid-item textcenter span_1_of_6 col col-6\"><figure class=\"vcex-image-grid-entry-figure wpex-last-mb-0 wpex-clr vc_custom_1639222130348\"><div class=\"vcex-image-grid-entry-img entry-media wpex-mb-20\"><a href=\"https:\/\/i0.wp.com\/agriturismocasteddu.com\/ITA\/wp-content\/uploads\/2016\/07\/Camera-Sofia.jpg?fit=1200%2C797&#038;ssl=1\" class=\"vcex-image-grid-entry-img wpex-lightbox-group-item\" ><img data-recalc-dims=\"1\" decoding=\"async\" loading=\"lazy\" class=\"wpex-align-middle\" src=\"https:\/\/i0.wp.com\/agriturismocasteddu.com\/ITA\/wp-content\/uploads\/2016\/07\/Camera-Sofia.jpg?resize=350%2C250&#038;ssl=1\" alt=\"\" width=\"350\" height=\"250\" \/><\/a><\/div><\/figure><\/div><\/div><\/div>[\/vc_column][\/vc_row]\n","protected":false},"excerpt":{"rendered":"<p>[vc_row][vc_column][vc_column_text]Gli ambienti a disposizione sono ricavati da locali preesistenti che facevano parte delle strutture di pertinenza dello stazzo di Casteddu e cos\u00ec anche i magazzini e le vecchie stalle, sono stati riconvertiti in punto di ristoro e camere per gli&hellip;<\/p>\n","protected":false},"author":1,"featured_media":0,"parent":0,"menu_order":0,"comment_status":"closed","ping_status":"closed","template":"","meta":{"footnotes":""},"class_list":["post-30","page","type-page","status-publish","hentry","entry","no-media"],"jetpack_sharing_enabled":true,"_links":{"self":[{"href":"https:\/\/agriturismocasteddu.com\/ITA\/wp-json\/wp\/v2\/pages\/30","targetHints":{"allow":["GET"]}}],"collection":[{"href":"https:\/\/agriturismocasteddu.com\/ITA\/wp-json\/wp\/v2\/pages"}],"about":[{"href":"https:\/\/agriturismocasteddu.com\/ITA\/wp-json\/wp\/v2\/types\/page"}],"author":[{"embeddable":true,"href":"https:\/\/agriturismocasteddu.com\/ITA\/wp-json\/wp\/v2\/users\/1"}],"replies":[{"embeddable":true,"href":"https:\/\/agriturismocasteddu.com\/ITA\/wp-json\/wp\/v2\/comments?post=30"}],"version-history":[{"count":15,"href":"https:\/\/agriturismocasteddu.com\/ITA\/wp-json\/wp\/v2\/pages\/30\/revisions"}],"predecessor-version":[{"id":324,"href":"https:\/\/agriturismocasteddu.com\/ITA\/wp-json\/wp\/v2\/pages\/30\/revisions\/324"}],"wp:attachment":[{"href":"https:\/\/agriturismocasteddu.com\/ITA\/wp-json\/wp\/v2\/media?parent=30"}],"curies":[{"name":"wp","href":"https:\/\/api.w.org\/{rel}","templated":true}]}}