{"id":30,"date":"2016-07-19T21:27:08","date_gmt":"2016-07-19T21:27:08","guid":{"rendered":"http:\/\/totaltheme.wpengine.com\/landscaping\/?page_id=30"},"modified":"2021-12-14T09:18:49","modified_gmt":"2021-12-14T08:18:49","slug":"soggiorno","status":"publish","type":"page","link":"https:\/\/agriturismocasteddu.com\/FRA\/soggiorno\/","title":{"rendered":"Soggiorno"},"content":{"rendered":"[vc_row][vc_column][vc_column_text]Les chambres disponibles sont obtenues \u00e0 partir de chambres pr\u00e9existantes qui faisaient partie des structures appartenant au stazzo de Casteddu et donc aussi des entrep\u00f4ts et des anciennes \u00e9curies, ont \u00e9t\u00e9 transform\u00e9es en buvette et chambres d&#8217;h\u00f4tes. Les r\u00e9novations ont \u00e9t\u00e9 effectu\u00e9es en veillant \u00e0 respecter \u00e0 la fois le type de construction traditionnelle et l&#8217;utilisation ou plut\u00f4t la r\u00e9utilisation des mat\u00e9riaux d&#8217;origine qui \u00e0 la fin du XVIIIe si\u00e8cle ont donn\u00e9 naissance \u00e0 cette architecture rurale faite de pierre, de bois et de chaux et avec toits dont les tuiles reposent sur des toiles apparentes.<br \/>\nLes chambres : Camilla, Carlotta, Sofia et Chiara, sont toutes doubles ou triples avec salle de bain et disposent d&#8217;un grand jardin arbor\u00e9 o\u00f9 vous pourrez vous d\u00e9tendre ou pratiquer des activit\u00e9s r\u00e9cr\u00e9atives ; l&#8217;endroit est particuli\u00e8rement id\u00e9al pour les familles avec enfants qui peuvent jouer dans un environnement agr\u00e9able et relaxant.<\/p>\n<p>Le m\u00e9nage est quotidien, tandis que les serviettes sont chang\u00e9es sur demande et les draps sont chang\u00e9s tous les trois jours.<\/p>\n<p>Le traitement r\u00e9serv\u00e9 aux h\u00f4tes est celui de la demi-pension ou celui d&#8217;une chambre avec petit-d\u00e9jeuner.<\/p>\n<p>Les enfants jusqu&#8217;\u00e0 trois ans ne paient pas, tandis que jusqu&#8217;\u00e0 10 ans ils b\u00e9n\u00e9ficient d&#8217;une r\u00e9duction de 50 %.<\/p>\n<p>Les petits d\u00e9jeuners sont normalement servis de 8h00 \u00e0 10h00 tandis que le d\u00eener est servi, sauf accord contraire, \u00e0 20h30 et le menu est convenu quotidiennement.[\/vc_column_text][vc_separator color=&#8221;custom&#8221; accent_color=&#8221;#64a038&#8243; css=&#8221;.vc_custom_1518974980037{padding-top: 10px !important;padding-bottom: 10px !important;}&#8221;]<div class=\"vcex-image-grid-wrap wpex-clr\"><div class=\"vcex-module vcex-image-grid wpex-clr grid-style-default wpex-row gap-1 wpex-lightbox-group\"><div class=\"id-299 vcex-image-grid-entry vcex-grid-item textcenter span_1_of_6 col col-1\"><figure class=\"vcex-image-grid-entry-figure wpex-last-mb-0 wpex-clr vc_custom_1639222130348\"><div class=\"vcex-image-grid-entry-img entry-media wpex-mb-20\"><a href=\"https:\/\/i0.wp.com\/agriturismocasteddu.com\/FRA\/wp-content\/uploads\/2021\/12\/camera_doppia_1-1.png?fit=800%2C533&#038;ssl=1\" class=\"vcex-image-grid-entry-img wpex-lightbox-group-item\" ><img data-recalc-dims=\"1\" decoding=\"async\" loading=\"lazy\" class=\"wpex-align-middle\" src=\"https:\/\/i0.wp.com\/agriturismocasteddu.com\/FRA\/wp-content\/uploads\/2021\/12\/camera_doppia_1-1.png?resize=350%2C250&#038;ssl=1\" alt=\"\" width=\"350\" height=\"250\" \/><\/a><\/div><\/figure><\/div><div class=\"id-300 vcex-image-grid-entry vcex-grid-item textcenter span_1_of_6 col col-2\"><figure class=\"vcex-image-grid-entry-figure wpex-last-mb-0 wpex-clr vc_custom_1639222130348\"><div class=\"vcex-image-grid-entry-img entry-media wpex-mb-20\"><a href=\"https:\/\/i0.wp.com\/agriturismocasteddu.com\/FRA\/wp-content\/uploads\/2021\/12\/camera_doppia_2-1.png?fit=800%2C533&#038;ssl=1\" class=\"vcex-image-grid-entry-img wpex-lightbox-group-item\" ><img data-recalc-dims=\"1\" decoding=\"async\" loading=\"lazy\" class=\"wpex-align-middle\" src=\"https:\/\/i0.wp.com\/agriturismocasteddu.com\/FRA\/wp-content\/uploads\/2021\/12\/camera_doppia_2-1.png?resize=350%2C250&#038;ssl=1\" alt=\"\" width=\"350\" height=\"250\" \/><\/a><\/div><\/figure><\/div><div class=\"id-301 vcex-image-grid-entry vcex-grid-item textcenter span_1_of_6 col col-3\"><figure class=\"vcex-image-grid-entry-figure wpex-last-mb-0 wpex-clr vc_custom_1639222130348\"><div class=\"vcex-image-grid-entry-img entry-media wpex-mb-20\"><a href=\"https:\/\/i0.wp.com\/agriturismocasteddu.com\/FRA\/wp-content\/uploads\/2021\/12\/camera_quadrupla_1-1.png?fit=800%2C533&#038;ssl=1\" class=\"vcex-image-grid-entry-img wpex-lightbox-group-item\" ><img data-recalc-dims=\"1\" decoding=\"async\" loading=\"lazy\" class=\"wpex-align-middle\" src=\"https:\/\/i0.wp.com\/agriturismocasteddu.com\/FRA\/wp-content\/uploads\/2021\/12\/camera_quadrupla_1-1.png?resize=350%2C250&#038;ssl=1\" alt=\"\" width=\"350\" height=\"250\" \/><\/a><\/div><\/figure><\/div><div class=\"id-302 vcex-image-grid-entry vcex-grid-item textcenter span_1_of_6 col col-4\"><figure class=\"vcex-image-grid-entry-figure wpex-last-mb-0 wpex-clr vc_custom_1639222130348\"><div class=\"vcex-image-grid-entry-img entry-media wpex-mb-20\"><a href=\"https:\/\/i0.wp.com\/agriturismocasteddu.com\/FRA\/wp-content\/uploads\/2021\/12\/camera_quadrupla_2-1.png?fit=800%2C533&#038;ssl=1\" class=\"vcex-image-grid-entry-img wpex-lightbox-group-item\" ><img data-recalc-dims=\"1\" decoding=\"async\" loading=\"lazy\" class=\"wpex-align-middle\" src=\"https:\/\/i0.wp.com\/agriturismocasteddu.com\/FRA\/wp-content\/uploads\/2021\/12\/camera_quadrupla_2-1.png?resize=350%2C250&#038;ssl=1\" alt=\"\" width=\"350\" height=\"250\" \/><\/a><\/div><\/figure><\/div><div class=\"id-322 vcex-image-grid-entry vcex-grid-item textcenter span_1_of_6 col col-5\"><figure class=\"vcex-image-grid-entry-figure wpex-last-mb-0 wpex-clr vc_custom_1639222130348\"><div class=\"vcex-image-grid-entry-img entry-media wpex-mb-20\"><a href=\"https:\/\/i0.wp.com\/agriturismocasteddu.com\/FRA\/wp-content\/uploads\/2021\/12\/camera_tripla_1.png?fit=800%2C533&#038;ssl=1\" class=\"vcex-image-grid-entry-img wpex-lightbox-group-item\" ><img data-recalc-dims=\"1\" decoding=\"async\" loading=\"lazy\" class=\"wpex-align-middle\" src=\"https:\/\/i0.wp.com\/agriturismocasteddu.com\/FRA\/wp-content\/uploads\/2021\/12\/camera_tripla_1.png?resize=350%2C250&#038;ssl=1\" alt=\"\" width=\"350\" height=\"250\" \/><\/a><\/div><\/figure><\/div><div class=\"id-156 vcex-image-grid-entry vcex-grid-item textcenter span_1_of_6 col col-6\"><figure class=\"vcex-image-grid-entry-figure wpex-last-mb-0 wpex-clr vc_custom_1639222130348\"><div class=\"vcex-image-grid-entry-img entry-media wpex-mb-20\"><a href=\"https:\/\/i0.wp.com\/agriturismocasteddu.com\/FRA\/wp-content\/uploads\/2016\/07\/Camera-Sofia.jpg?fit=1200%2C797&#038;ssl=1\" class=\"vcex-image-grid-entry-img wpex-lightbox-group-item\" ><img data-recalc-dims=\"1\" decoding=\"async\" loading=\"lazy\" class=\"wpex-align-middle\" src=\"https:\/\/i0.wp.com\/agriturismocasteddu.com\/FRA\/wp-content\/uploads\/2016\/07\/Camera-Sofia.jpg?resize=350%2C250&#038;ssl=1\" alt=\"\" width=\"350\" height=\"250\" \/><\/a><\/div><\/figure><\/div><\/div><\/div>[\/vc_column][\/vc_row]\n","protected":false},"excerpt":{"rendered":"<p>[vc_row][vc_column][vc_column_text]Les chambres disponibles sont obtenues \u00e0 partir de chambres pr\u00e9existantes qui faisaient partie des structures appartenant au stazzo de Casteddu et donc aussi des entrep\u00f4ts et des anciennes \u00e9curies, ont \u00e9t\u00e9 transform\u00e9es en buvette et chambres d&#8217;h\u00f4tes. Les r\u00e9novations ont&hellip;<\/p>\n","protected":false},"author":1,"featured_media":0,"parent":0,"menu_order":0,"comment_status":"closed","ping_status":"closed","template":"","meta":{"footnotes":""},"class_list":["post-30","page","type-page","status-publish","hentry","entry","no-media"],"jetpack_sharing_enabled":true,"_links":{"self":[{"href":"https:\/\/agriturismocasteddu.com\/FRA\/wp-json\/wp\/v2\/pages\/30","targetHints":{"allow":["GET"]}}],"collection":[{"href":"https:\/\/agriturismocasteddu.com\/FRA\/wp-json\/wp\/v2\/pages"}],"about":[{"href":"https:\/\/agriturismocasteddu.com\/FRA\/wp-json\/wp\/v2\/types\/page"}],"author":[{"embeddable":true,"href":"https:\/\/agriturismocasteddu.com\/FRA\/wp-json\/wp\/v2\/users\/1"}],"replies":[{"embeddable":true,"href":"https:\/\/agriturismocasteddu.com\/FRA\/wp-json\/wp\/v2\/comments?post=30"}],"version-history":[{"count":16,"href":"https:\/\/agriturismocasteddu.com\/FRA\/wp-json\/wp\/v2\/pages\/30\/revisions"}],"predecessor-version":[{"id":330,"href":"https:\/\/agriturismocasteddu.com\/FRA\/wp-json\/wp\/v2\/pages\/30\/revisions\/330"}],"wp:attachment":[{"href":"https:\/\/agriturismocasteddu.com\/FRA\/wp-json\/wp\/v2\/media?parent=30"}],"curies":[{"name":"wp","href":"https:\/\/api.w.org\/{rel}","templated":true}]}}