{"id":226,"date":"2018-05-18T19:05:22","date_gmt":"2018-05-18T17:05:22","guid":{"rendered":"https:\/\/agriturismocasteddu.com\/FRA\/?page_id=226"},"modified":"2021-12-09T08:47:06","modified_gmt":"2021-12-09T07:47:06","slug":"privacy-policy","status":"publish","type":"page","link":"https:\/\/agriturismocasteddu.com\/FRA\/privacy-policy\/","title":{"rendered":"privacy policy"},"content":{"rendered":"<p>PRIVACY POLICY E COOKIE POLICY<br \/>\nLa presente policy descrive le procedure seguite da<\/p>\n<p>Camilla Arru (di seguito il \u201cTitolare\u201d) in relazione al trattamento dei dati personali raccolti attraverso il sito <a href=\"https:\/\/agriturismocasteddu.com\">https:\/\/agriturismocasteddu.com<\/a> (di seguito il \u201cSito\u201d).<\/p>\n<p>Laddove non diversamente specificato, la presente policy vale anche quale informativa \u2013 ai sensi dell\u2019art. 13 del d.lgs. n. 196\/2003 (di seguito il \u201cCodice\u201d) e dell\u2019art. 13 del Regolamento (UE) n. 2016\/679 (di seguito il \u201cGDPR\u201d) \u2013 resa a coloro che interagiscono con il Sito (di seguito l\u2019\u201cUtente\u201d).<br \/>\nInformative sul trattamento dei dati personali dettagliate sono riportate, ove necessario, nelle pagine relative ai singoli servizi offerti attraverso il Sito. Tali informative sono dirette a definire limiti e modalit\u00e0 del trattamento dei dati personali di ciascun servizio, in base alle quali l\u2019utente potr\u00e0 esprimere liberamente il proprio consenso, ove necessario, e autorizzare eventualmente la raccolta dei dati e il loro successivo trattamento.<br \/>\nTitolare del trattamento. Responsabili del trattamento.<br \/>\nIl Titolare del trattamento \u00e8 Antonio Maria Arru, con sede legale in Via Nuoro 12 \u2013 Padru, tel. 078945910, e-mail info@agriturismocasteddu.com . L\u2019elenco aggiornato degli eventuali responsabili del trattamento \u00e8 disponibile presso la sede del Titolare.<\/p>\n<p>Responsabile della protezione dei dati.<br \/>\nIl responsabile della protezione dei dati, designato dal Titolare, pu\u00f2 essere contattato tramite:<br \/>\n&#8211; posta ordinaria, all\u2019indirizzo [indirizzo di posta ordinaria, c.a. del Responsabile della Protezione dei Dati;<br \/>\n&#8211; telefono, al numero 078945910;<br \/>\n&#8211; e-mail, all\u2019indirizzo info@agriturismocasteddu.com<\/p>\n<p>Tipologie di dati trattati.<br \/>\nAttraverso il Sito potranno essere raccolti e trattati:<br \/>\n&#8211; dati di navigazione;<br \/>\n&#8211; dati personali forniti volontariamente dall\u2019utente nei form presenti all\u2019interno del Sito.<\/p>\n<p>Cookie.<br \/>\nI cookie sono piccoli file di testo che i siti visFRAti inviano al terminale dell&#8217;utente, dove vengono memorizzati, per poi essere ritrasmessi agli stessi siti alla visFRA successiva.<br \/>\nIl Sito utilizza cookie tecnici, sia propri che di terze parti. Tali cookie, essendo di natura tecnica, non richiedono il preventivo consenso dell\u2019Utente per essere installati ed utilizzati.<br \/>\nIn particolare, i cookie utilizzati nel Sito sono riconducibili alle seguenti sottocategorie:<br \/>\n&#8211; cookie di navigazione o di sessione, che garantiscono la normale navigazione e fruizione dei Siti Web. Non essendo memorizzati sul computer dell\u2019utente, svaniscono con la chiusura del browser;<br \/>\n&#8211; cookie analitici, con cui sono raccolte e analizzate informazioni statistiche sul numero degli utenti e sulle visite ai Siti Web;<br \/>\n&#8211; social widgets e plugin: alcuni widgets e plugin messi a disposizione dai social network possono utilizzare propri cookies per facilFRAre l\u2019interazione con il sito di riferimento.<\/p>\n<p>Di seguito sono elencati i cookie di terze parti installati sul Sito. Per ciascuno di essi \u00e8 riportato il link alla relativa informativa sul trattamento dei dati personali effettuato e sulle modalit\u00e0 per l\u2019eventuale disattivazione dei cookie utilizzati. In merito ai cookie di terze parti, il Titolare ha unicamente l&#8217;obbligo di inserire nella presente policy il link al sito della terza parte. \u00c8 a carico di tale soggetto, invece, l&#8217;obbligo dell&#8217;informativa e dell&#8217;indicazione delle modalit\u00e0 per l&#8217;eventuale consenso e\/o disattivazione dei cookie.<br \/>\n&#8211; Google Analytics:<br \/>\nInformativa presso https:\/\/www.google.com\/intl\/it_ALL\/analytics\/learn\/privacy.html<br \/>\nOpt Out presso<br \/>\nhttps:\/\/tools.google.com\/dlpage\/gaoptout\/<\/p>\n<p>I cookie possono essere disabilFRAti dall\u2019utente modificando le impostazioni del browser sulla base delle<br \/>\nistruzioni rese disponibili dai relativi fornitori ai link elencati di seguito.<br \/>\n&#8211; Internet Explorer: http:\/\/windows.microsoft.com\/it-IT\/internet-explorer\/delete-manage-cookies#ie=ie-11<br \/>\n&#8211; Mozilla Firefox: https:\/\/support.mozilla.org\/it\/kb\/Attivare%20e%20disattivare%20i%20cookie<br \/>\n&#8211; Google Chrome: https:\/\/support.google.com\/chrome\/answer\/95647?hl=it<br \/>\n&#8211; Apple Safari: https:\/\/support.apple.com\/it-it\/HT201265<br \/>\n&#8211; Opera: http:\/\/www.opera.com\/help\/tutorials\/security\/cookies\/<\/p>\n<p>Finalit\u00e0 e base giuridica del trattamento.<br \/>\nI dati personali raccolti attraverso il Sito saranno trattati per la gestione delle richieste di informazioni o di documenti inoltrate dall\u2019Utente.<br \/>\nIl trattamento dei dati personali per la finalit\u00e0 di cui sopra non richiede il consenso dell\u2019Utente in quanto il trattamento \u00e8 necessario per adempiere a specifiche richieste dell&#8217;interessato ai sensi dell\u2019art. 24, c. 1, lett.<br \/>\nb) del Codice e dell\u2019art. 6, c. 1, lett. b) del GDPR.<br \/>\nConferimento dei dati e conseguenze in caso di mancato conferimento.<br \/>\nIl conferimento dei dati personali per la finalit\u00e0 di cui sopra \u00e8 facoltativo e il loro mancato conferimento comporter\u00e0, come unica conseguenza, l\u2019impossibilit\u00e0 per il Titolare di gestire ed evadere le richieste dell\u2019interessato.<\/p>\n<p>Modalit\u00e0 del trattamento. I dati personali saranno trattati con strumenti elettronici, anche mediante inserimento e organizzazione in banche dati, in conformit\u00e0 a quanto disposto dal Codice e dal GDPR in materia di misure di sicurezza.<br \/>\nDestinatari o categorie di destinatari.<br \/>\nI dati personali potranno essere resi accessibili, portati a conoscenza di o comunicati ai seguenti soggetti, i quali saranno nominati da, a seconda dei casi, quali responsabili o incaricati:<br \/>\n&#8211; societ\u00e0 del gruppo di cui fa parte il Titolare (controllanti, controllate, collegate), dipendenti e\/o collaboratori a qualsivoglia titolo del Titolare ;<br \/>\n&#8211;\u00a0 soggetti pubblici o privati, persone fisiche o giuridiche, di cui il Titolare si avvalga per lo svolgimento delle attivit\u00e0 strumentali al raggiungimento della finalit\u00e0 di cui sopra o a cui il Titolare sia tenuta a comunicare i dati personali, in forza di obblighi legali o contrattuali.<br \/>\nIn ogni caso, i dati personali non saranno diffusi.<\/p>\n<p>Periodo di conservazione.<br \/>\nI dati personali saranno conservati per 1 anno dalla loro registrazione.<br \/>\nDiritti di accesso, cancellazione, limFRAzione e portabilit\u00e0.<br \/>\nAgli interessati sono riconosciuti i diritti di cui agli artt. 7 del Codice e da 15 a 20 del GDPR. A titolo esemplificativo, ciascun interessato potr\u00e0:<br \/>\na) ottenere la conferma che sia o meno in corso un trattamento di dati personali che lo riguardano;<br \/>\nb) qualora un trattamento sia in corso, ottenere l\u2019accesso ai dati personali e alle informazioni relative al trattamento nonch\u00e9 richiedere una copia dei dati personali;<br \/>\nc) ottenere la rettifica dei dati personali inesatti e l\u2019integrazione dei dati personali incompleti;<br \/>\nd) ottenere, qualora sussista una delle condizioni previste dall\u2019art. 17 del GDPR, la cancellazione dei dati personali che lo riguardano;<br \/>\ne) ottenere, nei casi previsti dall\u2019art. 18 del GDPR, la limFRAzione del trattamento;<br \/>\nf) ricevere i dati personali che lo riguardano in un formato strutturato, di uso comune e leggibile da dispositivo automatico e richiedere la loro trasmissione ad un altro titolare, se tecnicamente fattibile.<\/p>\n<p>Diritto di opposizione.<br \/>\nCiascun interessato ha il diritto di opporsi in qualsiasi momento al trattamento dei suoi dati personali effettuato per il perseguimento di un legittimo interesse del Titolare. In caso di opposizione, i suoi dati personali non saranno pi\u00f9 oggetto di trattamento, sempre che non sussistano motivi legittimi per procedere al trattamento che prevalgono sugli interessi, sui diritti e sulle libert\u00e0 dell\u2019interessato oppure per l\u2019accertamento, l\u2019esercizio o la difesa di un diritto in sede giudiziaria.<\/p>\n<p>Diritto di proporre reclamo al Garante.<br \/>\nInoltre ciascun interessato potr\u00e0 proporre reclamo al Garante per la Protezione dei Dati Personali nel caso in cui ritenga che siano stati violati i diritti di cui \u00e8 titolare ai sensi del Codice e del GDPR, secondo le modalit\u00e0<br \/>\nindicate sul sito internet del Garante accessibile all\u2019indirizzo: www.garanteprivacy.it.<br \/>\nAggiornamenti. La presente Privacy Policy sar\u00e0 soggetta ad aggiornamenti. Il Titolare invFRA, pertanto, gli Utenti che intendano conoscere le modalit\u00e0 di trattamento dei dati personali raccolti attraverso i Siti Web a visFRAre periodicamente questa pagina.<\/p>\n","protected":false},"excerpt":{"rendered":"<p>PRIVACY POLICY E COOKIE POLICY La presente policy descrive le procedure seguite da Camilla Arru (di seguito il \u201cTitolare\u201d) in relazione al trattamento dei dati personali raccolti attraverso il sito https:\/\/agriturismocasteddu.com (di seguito il \u201cSito\u201d). Laddove non diversamente specificato, la&hellip;<\/p>\n","protected":false},"author":1,"featured_media":0,"parent":0,"menu_order":0,"comment_status":"closed","ping_status":"closed","template":"","meta":{"footnotes":""},"class_list":["post-226","page","type-page","status-publish","hentry","entry","no-media"],"jetpack_sharing_enabled":true,"_links":{"self":[{"href":"https:\/\/agriturismocasteddu.com\/FRA\/wp-json\/wp\/v2\/pages\/226","targetHints":{"allow":["GET"]}}],"collection":[{"href":"https:\/\/agriturismocasteddu.com\/FRA\/wp-json\/wp\/v2\/pages"}],"about":[{"href":"https:\/\/agriturismocasteddu.com\/FRA\/wp-json\/wp\/v2\/types\/page"}],"author":[{"embeddable":true,"href":"https:\/\/agriturismocasteddu.com\/FRA\/wp-json\/wp\/v2\/users\/1"}],"replies":[{"embeddable":true,"href":"https:\/\/agriturismocasteddu.com\/FRA\/wp-json\/wp\/v2\/comments?post=226"}],"version-history":[{"count":3,"href":"https:\/\/agriturismocasteddu.com\/FRA\/wp-json\/wp\/v2\/pages\/226\/revisions"}],"predecessor-version":[{"id":245,"href":"https:\/\/agriturismocasteddu.com\/FRA\/wp-json\/wp\/v2\/pages\/226\/revisions\/245"}],"wp:attachment":[{"href":"https:\/\/agriturismocasteddu.com\/FRA\/wp-json\/wp\/v2\/media?parent=226"}],"curies":[{"name":"wp","href":"https:\/\/api.w.org\/{rel}","templated":true}]}}