{"id":164,"date":"2018-02-18T18:49:39","date_gmt":"2018-02-18T17:49:39","guid":{"rendered":"http:\/\/agriturismocasteddu.com\/FRA\/?page_id=164"},"modified":"2021-12-14T09:19:23","modified_gmt":"2021-12-14T08:19:23","slug":"ristorazione","status":"publish","type":"page","link":"https:\/\/agriturismocasteddu.com\/FRA\/ristorazione\/","title":{"rendered":"Ristorazione"},"content":{"rendered":"[vc_row][vc_column][vc_column_text]A la ferme Casteddu il n&#8217;y a pas vraiment de menu fixe, mais on peut dire qu&#8217;autour de certains plats qui font maintenant l&#8217;histoire de la cuisine typique sarde, nous avons inclus une quantit\u00e9 importante de plats qui font r\u00e9f\u00e9rence aux saisons et \u00e0 leurs produits.<\/p>\n<p>En effet, avec les charcuteries, les gnocchetti sardes, les raviolis \u00e0 la ricotta \u00e0 la menthe, la soupe gallurese, les culurgiones et l&#8217;incontournable cochon de lait r\u00f4ti qui ont une place fixe dans notre menu, vous pouvez \u00e9galement d\u00e9guster du sanglier aux olives ou sucr\u00e9 et aigre. , foies cuits.<\/p>\n<p>De plus, des l\u00e9gumes assaisonn\u00e9s pan\u00e9s et frits, des l\u00e9gumes grill\u00e9s, des f\u00e8ves fra\u00eeches au bacon et \u00e0 la menthe, des artichauts, des asperges sauvages, avec lesquelles vous pouvez faire d&#8217;excellentes omelettes et cr\u00e8mes \u00e0 servir avec des p\u00e2tes farcies, des fromages de vache et pecorino, ricotta, frais et sal\u00e9.<\/p>\n<p>Et puis encore les champignons de notre for\u00eat qui en automne entrent dans notre carte, pour le plus grand bonheur de nombreux gourmands qui viennent \u00e0 Casteddu pour d\u00e9guster des salades d&#8217;\u0153ufs ou de c\u00e8pes, c\u00e8pes frits, grill\u00e9s, saut\u00e9s, polenta aux saucisses et champignons, tagliatelles fra\u00eeches aux c\u00e8pes des champignons, bref, des champignons de toutes les mani\u00e8res.<\/p>\n<p>Pour finir le repas, \u00e9videmment, le Seada, un bonbon aux origines anciennes qui m\u00eale la douceur du miel et le sal\u00e9 du fromage frais r\u00e9unis dans un tortello de p\u00e2tes.<br \/>\nLe tout arros\u00e9 de bon vin rouge sarde.<\/p>\n<p style=\"text-align: justify;\"><strong>La formule de paiement est tout compris afin d&#8217;\u00e9viter les mauvaises surprises \u00e0 la fin !<\/strong><\/p>\n[\/vc_column_text][vc_separator color=&#8221;custom&#8221; accent_color=&#8221;#64a038&#8243; css=&#8221;.vc_custom_1518974980037{padding-top: 10px !important;padding-bottom: 10px !important;}&#8221;]<div class=\"vcex-image-grid-wrap wpex-clr\"><div class=\"vcex-module vcex-image-grid wpex-clr grid-style-default wpex-row gap-1 wpex-lightbox-group\"><div class=\"id-288 vcex-image-grid-entry vcex-grid-item textcenter span_1_of_6 col col-1\"><figure class=\"vcex-image-grid-entry-figure wpex-last-mb-0 wpex-clr vc_custom_1639218238590\"><div class=\"vcex-image-grid-entry-img entry-media wpex-mb-20\"><a href=\"https:\/\/i0.wp.com\/agriturismocasteddu.com\/FRA\/wp-content\/uploads\/2021\/12\/6_cucina_agriturismocasteddu-2021-1.jpg?fit=800%2C600&#038;ssl=1\" class=\"vcex-image-grid-entry-img wpex-lightbox-group-item\" ><img data-recalc-dims=\"1\" decoding=\"async\" loading=\"lazy\" class=\"wpex-align-middle\" src=\"https:\/\/i0.wp.com\/agriturismocasteddu.com\/FRA\/wp-content\/uploads\/2021\/12\/6_cucina_agriturismocasteddu-2021-1.jpg?resize=350%2C250&#038;ssl=1\" alt=\"\" width=\"350\" height=\"250\" \/><\/a><\/div><\/figure><\/div><div class=\"id-289 vcex-image-grid-entry vcex-grid-item textcenter span_1_of_6 col col-2\"><figure class=\"vcex-image-grid-entry-figure wpex-last-mb-0 wpex-clr vc_custom_1639218238590\"><div class=\"vcex-image-grid-entry-img entry-media wpex-mb-20\"><a href=\"https:\/\/i0.wp.com\/agriturismocasteddu.com\/FRA\/wp-content\/uploads\/2021\/12\/1_cucina_agriturismocasteddu-2021-1.jpg?fit=800%2C600&#038;ssl=1\" class=\"vcex-image-grid-entry-img wpex-lightbox-group-item\" ><img data-recalc-dims=\"1\" decoding=\"async\" loading=\"lazy\" class=\"wpex-align-middle\" src=\"https:\/\/i0.wp.com\/agriturismocasteddu.com\/FRA\/wp-content\/uploads\/2021\/12\/1_cucina_agriturismocasteddu-2021-1.jpg?resize=350%2C250&#038;ssl=1\" alt=\"\" width=\"350\" height=\"250\" \/><\/a><\/div><\/figure><\/div><div class=\"id-290 vcex-image-grid-entry vcex-grid-item textcenter span_1_of_6 col col-3\"><figure class=\"vcex-image-grid-entry-figure wpex-last-mb-0 wpex-clr vc_custom_1639218238590\"><div class=\"vcex-image-grid-entry-img entry-media wpex-mb-20\"><a href=\"https:\/\/i0.wp.com\/agriturismocasteddu.com\/FRA\/wp-content\/uploads\/2021\/12\/2_cucina_agriturismocasteddu-2021-1.jpg?fit=800%2C600&#038;ssl=1\" class=\"vcex-image-grid-entry-img wpex-lightbox-group-item\" ><img data-recalc-dims=\"1\" decoding=\"async\" loading=\"lazy\" class=\"wpex-align-middle\" src=\"https:\/\/i0.wp.com\/agriturismocasteddu.com\/FRA\/wp-content\/uploads\/2021\/12\/2_cucina_agriturismocasteddu-2021-1.jpg?resize=350%2C250&#038;ssl=1\" alt=\"\" width=\"350\" height=\"250\" \/><\/a><\/div><\/figure><\/div><div class=\"id-291 vcex-image-grid-entry vcex-grid-item textcenter span_1_of_6 col col-4\"><figure class=\"vcex-image-grid-entry-figure wpex-last-mb-0 wpex-clr vc_custom_1639218238590\"><div class=\"vcex-image-grid-entry-img entry-media wpex-mb-20\"><a href=\"https:\/\/i0.wp.com\/agriturismocasteddu.com\/FRA\/wp-content\/uploads\/2021\/12\/3_cucina_agriturismocasteddu-2021-1.jpg?fit=800%2C600&#038;ssl=1\" class=\"vcex-image-grid-entry-img wpex-lightbox-group-item\" ><img data-recalc-dims=\"1\" decoding=\"async\" loading=\"lazy\" class=\"wpex-align-middle\" src=\"https:\/\/i0.wp.com\/agriturismocasteddu.com\/FRA\/wp-content\/uploads\/2021\/12\/3_cucina_agriturismocasteddu-2021-1.jpg?resize=350%2C250&#038;ssl=1\" alt=\"\" width=\"350\" height=\"250\" \/><\/a><\/div><\/figure><\/div><div class=\"id-292 vcex-image-grid-entry vcex-grid-item textcenter span_1_of_6 col col-5\"><figure class=\"vcex-image-grid-entry-figure wpex-last-mb-0 wpex-clr vc_custom_1639218238590\"><div class=\"vcex-image-grid-entry-img entry-media wpex-mb-20\"><a href=\"https:\/\/i0.wp.com\/agriturismocasteddu.com\/FRA\/wp-content\/uploads\/2021\/12\/4_cucina_agriturismocasteddu-2021-1.jpg?fit=800%2C600&#038;ssl=1\" class=\"vcex-image-grid-entry-img wpex-lightbox-group-item\" ><img data-recalc-dims=\"1\" decoding=\"async\" loading=\"lazy\" class=\"wpex-align-middle\" src=\"https:\/\/i0.wp.com\/agriturismocasteddu.com\/FRA\/wp-content\/uploads\/2021\/12\/4_cucina_agriturismocasteddu-2021-1.jpg?resize=350%2C250&#038;ssl=1\" alt=\"\" width=\"350\" height=\"250\" \/><\/a><\/div><\/figure><\/div><div class=\"id-293 vcex-image-grid-entry vcex-grid-item textcenter span_1_of_6 col col-6\"><figure class=\"vcex-image-grid-entry-figure wpex-last-mb-0 wpex-clr vc_custom_1639218238590\"><div class=\"vcex-image-grid-entry-img entry-media wpex-mb-20\"><a href=\"https:\/\/i0.wp.com\/agriturismocasteddu.com\/FRA\/wp-content\/uploads\/2021\/12\/5_cucina_agriturismocasteddu-2021-1.jpg?fit=800%2C600&#038;ssl=1\" class=\"vcex-image-grid-entry-img wpex-lightbox-group-item\" ><img data-recalc-dims=\"1\" decoding=\"async\" loading=\"lazy\" class=\"wpex-align-middle\" src=\"https:\/\/i0.wp.com\/agriturismocasteddu.com\/FRA\/wp-content\/uploads\/2021\/12\/5_cucina_agriturismocasteddu-2021-1.jpg?resize=350%2C250&#038;ssl=1\" alt=\"\" width=\"350\" height=\"250\" \/><\/a><\/div><\/figure><\/div><\/div><\/div>[\/vc_column][\/vc_row]\n","protected":false},"excerpt":{"rendered":"<p>[vc_row][vc_column][vc_column_text]A la ferme Casteddu il n&#8217;y a pas vraiment de menu fixe, mais on peut dire qu&#8217;autour de certains plats qui font maintenant l&#8217;histoire de la cuisine typique sarde, nous avons inclus une quantit\u00e9 importante de plats qui font r\u00e9f\u00e9rence&hellip;<\/p>\n","protected":false},"author":1,"featured_media":0,"parent":0,"menu_order":0,"comment_status":"closed","ping_status":"closed","template":"","meta":{"footnotes":""},"class_list":["post-164","page","type-page","status-publish","hentry","entry","no-media"],"jetpack_sharing_enabled":true,"_links":{"self":[{"href":"https:\/\/agriturismocasteddu.com\/FRA\/wp-json\/wp\/v2\/pages\/164","targetHints":{"allow":["GET"]}}],"collection":[{"href":"https:\/\/agriturismocasteddu.com\/FRA\/wp-json\/wp\/v2\/pages"}],"about":[{"href":"https:\/\/agriturismocasteddu.com\/FRA\/wp-json\/wp\/v2\/types\/page"}],"author":[{"embeddable":true,"href":"https:\/\/agriturismocasteddu.com\/FRA\/wp-json\/wp\/v2\/users\/1"}],"replies":[{"embeddable":true,"href":"https:\/\/agriturismocasteddu.com\/FRA\/wp-json\/wp\/v2\/comments?post=164"}],"version-history":[{"count":5,"href":"https:\/\/agriturismocasteddu.com\/FRA\/wp-json\/wp\/v2\/pages\/164\/revisions"}],"predecessor-version":[{"id":329,"href":"https:\/\/agriturismocasteddu.com\/FRA\/wp-json\/wp\/v2\/pages\/164\/revisions\/329"}],"wp:attachment":[{"href":"https:\/\/agriturismocasteddu.com\/FRA\/wp-json\/wp\/v2\/media?parent=164"}],"curies":[{"name":"wp","href":"https:\/\/api.w.org\/{rel}","templated":true}]}}