{"id":30,"date":"2016-07-19T21:27:08","date_gmt":"2016-07-19T21:27:08","guid":{"rendered":"http:\/\/totaltheme.wpengine.com\/landscaping\/?page_id=30"},"modified":"2022-01-05T18:39:21","modified_gmt":"2022-01-05T17:39:21","slug":"soggiorno","status":"publish","type":"page","link":"https:\/\/agriturismocasteddu.com\/DEU\/soggiorno\/","title":{"rendered":"Soggiorno"},"content":{"rendered":"[vc_row][vc_column][vc_column_text]Die zur Verf\u00fcgung stehenden Zimmer sind aus bereits bestehenden R\u00e4umen entstanden, die Teil der Bauwerke des \u201eStazzo di Casteddu\u201c waren, und so wurden auch die Lagergeb\u00e4ude und die alten St\u00e4lle zu Gastst\u00e4tte und G\u00e4stezimmern umgebaut. Bei der Renovierung wurde darauf geachtet, dass sowohl die traditionelle Bauweise als auch die Verwendung bzw. Wiederverwendung der urspr\u00fcnglichen Materialien, aus denen diese l\u00e4ndliche Architektur aus Stein, Holz und Kalk Ende des 18. Jahrhunderts entstand, respektiert wurden.<\/p>\n<p>Die Zimmer, Camilla, Carlotta, Sofia und Chiara, sind alle Doppel- oder Dreibettzimmer mit Bad und haben einen gro\u00dfen Garten mit B\u00e4umen, wo Sie sich entspannen oder Freizeitaktivit\u00e4ten aus\u00fcben k\u00f6nnen; der Ort ist ideal vor allem f\u00fcr Familien mit Kindern, die in einer angenehmen und entspannten Umgebung spielen k\u00f6nnen.<\/p>\n<p>Die Reinigung der Zimmer erfolgt t\u00e4glich, die Handt\u00fccher werden auf Anfrage gewechselt und die Bettw\u00e4sche alle drei Tage.<\/p>\n<p>Die G\u00e4ste werden mit Halbpension oder \u00dcbernachtung mit Fr\u00fchst\u00fcck untergebracht.<br \/>\nKinder bis zu drei Jahren werden nicht berechnet, w\u00e4hrend Kinder bis zu 10 Jahren eine Erm\u00e4\u00dfigung von 50 % erhalten.<\/p>\n<p>Das Fr\u00fchst\u00fcck wird in der Regel zwischen 8.00 und 10.00 Uhr serviert, w\u00e4hrend das Abendessen, sofern nicht anders vereinbart, um 20.30 Uhr serviert wird und das Men\u00fc t\u00e4glich neu festgelegt wird.[\/vc_column_text][vc_separator color=&#8221;custom&#8221; accent_color=&#8221;#64a038&#8243; css=&#8221;.vc_custom_1518974980037{padding-top: 10px !important;padding-bottom: 10px !important;}&#8221;]<div class=\"vcex-image-grid-wrap wpex-clr\"><div class=\"vcex-module vcex-image-grid wpex-clr grid-style-default wpex-row gap-1 wpex-lightbox-group\"><div class=\"id-299 vcex-image-grid-entry vcex-grid-item textcenter span_1_of_6 col col-1\"><figure class=\"vcex-image-grid-entry-figure wpex-last-mb-0 wpex-clr vc_custom_1639222130348\"><div class=\"vcex-image-grid-entry-img entry-media wpex-mb-20\"><a href=\"https:\/\/i0.wp.com\/agriturismocasteddu.com\/DEU\/wp-content\/uploads\/2021\/12\/camera_doppia_1-1.png?fit=800%2C533&#038;ssl=1\" class=\"vcex-image-grid-entry-img wpex-lightbox-group-item\" ><img data-recalc-dims=\"1\" decoding=\"async\" loading=\"lazy\" class=\"wpex-align-middle\" src=\"https:\/\/i0.wp.com\/agriturismocasteddu.com\/DEU\/wp-content\/uploads\/2021\/12\/camera_doppia_1-1.png?resize=350%2C250&#038;ssl=1\" alt=\"\" width=\"350\" height=\"250\" \/><\/a><\/div><\/figure><\/div><div class=\"id-300 vcex-image-grid-entry vcex-grid-item textcenter span_1_of_6 col col-2\"><figure class=\"vcex-image-grid-entry-figure wpex-last-mb-0 wpex-clr vc_custom_1639222130348\"><div class=\"vcex-image-grid-entry-img entry-media wpex-mb-20\"><a href=\"https:\/\/i0.wp.com\/agriturismocasteddu.com\/DEU\/wp-content\/uploads\/2021\/12\/camera_doppia_2-1.png?fit=800%2C533&#038;ssl=1\" class=\"vcex-image-grid-entry-img wpex-lightbox-group-item\" ><img data-recalc-dims=\"1\" decoding=\"async\" loading=\"lazy\" class=\"wpex-align-middle\" src=\"https:\/\/i0.wp.com\/agriturismocasteddu.com\/DEU\/wp-content\/uploads\/2021\/12\/camera_doppia_2-1.png?resize=350%2C250&#038;ssl=1\" alt=\"\" width=\"350\" height=\"250\" \/><\/a><\/div><\/figure><\/div><div class=\"id-301 vcex-image-grid-entry vcex-grid-item textcenter span_1_of_6 col col-3\"><figure class=\"vcex-image-grid-entry-figure wpex-last-mb-0 wpex-clr vc_custom_1639222130348\"><div class=\"vcex-image-grid-entry-img entry-media wpex-mb-20\"><a href=\"https:\/\/i0.wp.com\/agriturismocasteddu.com\/DEU\/wp-content\/uploads\/2021\/12\/camera_quadrupla_1-1.png?fit=800%2C533&#038;ssl=1\" class=\"vcex-image-grid-entry-img wpex-lightbox-group-item\" ><img data-recalc-dims=\"1\" decoding=\"async\" loading=\"lazy\" class=\"wpex-align-middle\" src=\"https:\/\/i0.wp.com\/agriturismocasteddu.com\/DEU\/wp-content\/uploads\/2021\/12\/camera_quadrupla_1-1.png?resize=350%2C250&#038;ssl=1\" alt=\"\" width=\"350\" height=\"250\" \/><\/a><\/div><\/figure><\/div><div class=\"id-302 vcex-image-grid-entry vcex-grid-item textcenter span_1_of_6 col col-4\"><figure class=\"vcex-image-grid-entry-figure wpex-last-mb-0 wpex-clr vc_custom_1639222130348\"><div class=\"vcex-image-grid-entry-img entry-media wpex-mb-20\"><a href=\"https:\/\/i0.wp.com\/agriturismocasteddu.com\/DEU\/wp-content\/uploads\/2021\/12\/camera_quadrupla_2-1.png?fit=800%2C533&#038;ssl=1\" class=\"vcex-image-grid-entry-img wpex-lightbox-group-item\" ><img data-recalc-dims=\"1\" decoding=\"async\" loading=\"lazy\" class=\"wpex-align-middle\" src=\"https:\/\/i0.wp.com\/agriturismocasteddu.com\/DEU\/wp-content\/uploads\/2021\/12\/camera_quadrupla_2-1.png?resize=350%2C250&#038;ssl=1\" alt=\"\" width=\"350\" height=\"250\" \/><\/a><\/div><\/figure><\/div><div class=\"id-322 vcex-image-grid-entry vcex-grid-item textcenter span_1_of_6 col col-5\"><figure class=\"vcex-image-grid-entry-figure wpex-last-mb-0 wpex-clr vc_custom_1639222130348\"><div class=\"vcex-image-grid-entry-img entry-media wpex-mb-20\"><a href=\"https:\/\/i0.wp.com\/agriturismocasteddu.com\/DEU\/wp-content\/uploads\/2021\/12\/camera_tripla_1.png?fit=800%2C533&#038;ssl=1\" class=\"vcex-image-grid-entry-img wpex-lightbox-group-item\" ><img data-recalc-dims=\"1\" decoding=\"async\" loading=\"lazy\" class=\"wpex-align-middle\" src=\"https:\/\/i0.wp.com\/agriturismocasteddu.com\/DEU\/wp-content\/uploads\/2021\/12\/camera_tripla_1.png?resize=350%2C250&#038;ssl=1\" alt=\"\" width=\"350\" height=\"250\" \/><\/a><\/div><\/figure><\/div><div class=\"id-156 vcex-image-grid-entry vcex-grid-item textcenter span_1_of_6 col col-6\"><figure class=\"vcex-image-grid-entry-figure wpex-last-mb-0 wpex-clr vc_custom_1639222130348\"><div class=\"vcex-image-grid-entry-img entry-media wpex-mb-20\"><a href=\"https:\/\/i0.wp.com\/agriturismocasteddu.com\/DEU\/wp-content\/uploads\/2016\/07\/Camera-Sofia.jpg?fit=1200%2C797&#038;ssl=1\" class=\"vcex-image-grid-entry-img wpex-lightbox-group-item\" ><img data-recalc-dims=\"1\" decoding=\"async\" loading=\"lazy\" class=\"wpex-align-middle\" src=\"https:\/\/i0.wp.com\/agriturismocasteddu.com\/DEU\/wp-content\/uploads\/2016\/07\/Camera-Sofia.jpg?resize=350%2C250&#038;ssl=1\" alt=\"\" width=\"350\" height=\"250\" \/><\/a><\/div><\/figure><\/div><\/div><\/div>[\/vc_column][\/vc_row]\n","protected":false},"excerpt":{"rendered":"<p>[vc_row][vc_column][vc_column_text]Die zur Verf\u00fcgung stehenden Zimmer sind aus bereits bestehenden R\u00e4umen entstanden, die Teil der Bauwerke des \u201eStazzo di Casteddu\u201c waren, und so wurden auch die Lagergeb\u00e4ude und die alten St\u00e4lle zu Gastst\u00e4tte und G\u00e4stezimmern umgebaut. Bei der Renovierung wurde darauf&hellip;<\/p>\n","protected":false},"author":1,"featured_media":0,"parent":0,"menu_order":0,"comment_status":"closed","ping_status":"closed","template":"","meta":{"footnotes":""},"class_list":["post-30","page","type-page","status-publish","hentry","entry","no-media"],"jetpack_sharing_enabled":true,"_links":{"self":[{"href":"https:\/\/agriturismocasteddu.com\/DEU\/wp-json\/wp\/v2\/pages\/30","targetHints":{"allow":["GET"]}}],"collection":[{"href":"https:\/\/agriturismocasteddu.com\/DEU\/wp-json\/wp\/v2\/pages"}],"about":[{"href":"https:\/\/agriturismocasteddu.com\/DEU\/wp-json\/wp\/v2\/types\/page"}],"author":[{"embeddable":true,"href":"https:\/\/agriturismocasteddu.com\/DEU\/wp-json\/wp\/v2\/users\/1"}],"replies":[{"embeddable":true,"href":"https:\/\/agriturismocasteddu.com\/DEU\/wp-json\/wp\/v2\/comments?post=30"}],"version-history":[{"count":18,"href":"https:\/\/agriturismocasteddu.com\/DEU\/wp-json\/wp\/v2\/pages\/30\/revisions"}],"predecessor-version":[{"id":339,"href":"https:\/\/agriturismocasteddu.com\/DEU\/wp-json\/wp\/v2\/pages\/30\/revisions\/339"}],"wp:attachment":[{"href":"https:\/\/agriturismocasteddu.com\/DEU\/wp-json\/wp\/v2\/media?parent=30"}],"curies":[{"name":"wp","href":"https:\/\/api.w.org\/{rel}","templated":true}]}}