{"id":164,"date":"2018-02-18T18:49:39","date_gmt":"2018-02-18T17:49:39","guid":{"rendered":"http:\/\/agriturismocasteddu.com\/DEU\/?page_id=164"},"modified":"2022-01-05T18:31:04","modified_gmt":"2022-01-05T17:31:04","slug":"ristorazione","status":"publish","type":"page","link":"https:\/\/agriturismocasteddu.com\/DEU\/ristorazione\/","title":{"rendered":"Ristorazione"},"content":{"rendered":"[vc_row][vc_column][vc_column_text]Im Agriturismo Casteddu gibt es keine feste Speisekarte, aber wir k\u00f6nnen sagen, dass wir neben einigen Gerichten, die heute zur Geschichte der typisch sardischen K\u00fcche geh\u00f6ren, eine betr\u00e4chtliche Anzahl von Gerichten aufgenommen haben, die sich auf die Jahreszeiten und ihre Produkte beziehen.<br \/>\nNeben hiesigen Schinken- und Wurstsorten, sardischen Gnocchetti, Ricotta-Ravioli mit Minze, Zuppa Gallurese, Culurgiones und dem unvermeidlichen Spanferkelbraten, die einen festen Platz auf unserer Speisekarte haben, k\u00f6nnen Sie auch Wildschwein mit Oliven oder in s\u00fc\u00df-saurer So\u00dfe und geschmorte Leber probieren.<\/p>\n<p>Sie k\u00f6nnen au\u00dferdem paniertes und gebratenes Gem\u00fcse der Saison, gegrilltes Gem\u00fcse, frische Feldbohnen mit Speck und Minze, Artischocken, wilden Spargel, aus dem man hervorragende Omeletts und Cremes zu gef\u00fcllter Pasta zubereiten kann, Kuh- und Schafsk\u00e4se, frischen und gesalzenen Ricotta kosten.<br \/>\nUnd dann sind da noch die Pilze aus unseren W\u00e4ldern, die im Herbst auf unserer Speisekarte stehen, zur Freude der vielen Feinschmecker, die nach Casteddu kommen, um Kaiserling- oder Steinpilzsalate, gebratene, gegrillte oder sautierte Steinpilze, Polenta mit Wurst und Pilzen, frische Tagliatelle mit Steinpilzen, kurz gesagt, Pilze in jeder Variation zu genie\u00dfen.<\/p>\n<p>Zum Abschluss der Mahlzeit gibt es nat\u00fcrlich die Seada, eine S\u00fc\u00dfspeise antiken Ursprungs, die die S\u00fc\u00dfe von Honig und die salzige Note von Frischk\u00e4se in einem Geb\u00e4ckst\u00fcck vereint.<\/p>\n<p>Zum Essen servieren wir guten sardischen Rotwein.<\/p>\n<p><strong>Die Zahlungsformel ist die des &#8220;all inclusive&#8221;, um unangenehme \u00dcberraschungen am Ende zu vermeiden!\/strong&gt;[\/vc_column_text][vc_separator color=&#8221;custom&#8221; accent_color=&#8221;#64a038&#8243; css=&#8221;.vc_custom_1518974980037{padding-top: 10px !important;padding-bottom: 10px !important;}&#8221;]<div class=\"vcex-image-grid-wrap wpex-clr\"><div class=\"vcex-module vcex-image-grid wpex-clr grid-style-default wpex-row gap-1 wpex-lightbox-group\"><div class=\"id-288 vcex-image-grid-entry vcex-grid-item textcenter span_1_of_6 col col-1\"><figure class=\"vcex-image-grid-entry-figure wpex-last-mb-0 wpex-clr vc_custom_1639218238590\"><div class=\"vcex-image-grid-entry-img entry-media wpex-mb-20\"><a href=\"https:\/\/i0.wp.com\/agriturismocasteddu.com\/DEU\/wp-content\/uploads\/2021\/12\/6_cucina_agriturismocasteddu-2021-1.jpg?fit=800%2C600&#038;ssl=1\" class=\"vcex-image-grid-entry-img wpex-lightbox-group-item\" ><img data-recalc-dims=\"1\" decoding=\"async\" loading=\"lazy\" class=\"wpex-align-middle\" src=\"https:\/\/i0.wp.com\/agriturismocasteddu.com\/DEU\/wp-content\/uploads\/2021\/12\/6_cucina_agriturismocasteddu-2021-1.jpg?resize=350%2C250&#038;ssl=1\" alt=\"\" width=\"350\" height=\"250\" \/><\/a><\/div><\/figure><\/div><div class=\"id-289 vcex-image-grid-entry vcex-grid-item textcenter span_1_of_6 col col-2\"><figure class=\"vcex-image-grid-entry-figure wpex-last-mb-0 wpex-clr vc_custom_1639218238590\"><div class=\"vcex-image-grid-entry-img entry-media wpex-mb-20\"><a href=\"https:\/\/i0.wp.com\/agriturismocasteddu.com\/DEU\/wp-content\/uploads\/2021\/12\/1_cucina_agriturismocasteddu-2021-1.jpg?fit=800%2C600&#038;ssl=1\" class=\"vcex-image-grid-entry-img wpex-lightbox-group-item\" ><img data-recalc-dims=\"1\" decoding=\"async\" loading=\"lazy\" class=\"wpex-align-middle\" src=\"https:\/\/i0.wp.com\/agriturismocasteddu.com\/DEU\/wp-content\/uploads\/2021\/12\/1_cucina_agriturismocasteddu-2021-1.jpg?resize=350%2C250&#038;ssl=1\" alt=\"\" width=\"350\" height=\"250\" \/><\/a><\/div><\/figure><\/div><div class=\"id-290 vcex-image-grid-entry vcex-grid-item textcenter span_1_of_6 col col-3\"><figure class=\"vcex-image-grid-entry-figure wpex-last-mb-0 wpex-clr vc_custom_1639218238590\"><div class=\"vcex-image-grid-entry-img entry-media wpex-mb-20\"><a href=\"https:\/\/i0.wp.com\/agriturismocasteddu.com\/DEU\/wp-content\/uploads\/2021\/12\/2_cucina_agriturismocasteddu-2021-1.jpg?fit=800%2C600&#038;ssl=1\" class=\"vcex-image-grid-entry-img wpex-lightbox-group-item\" ><img data-recalc-dims=\"1\" decoding=\"async\" loading=\"lazy\" class=\"wpex-align-middle\" src=\"https:\/\/i0.wp.com\/agriturismocasteddu.com\/DEU\/wp-content\/uploads\/2021\/12\/2_cucina_agriturismocasteddu-2021-1.jpg?resize=350%2C250&#038;ssl=1\" alt=\"\" width=\"350\" height=\"250\" \/><\/a><\/div><\/figure><\/div><div class=\"id-291 vcex-image-grid-entry vcex-grid-item textcenter span_1_of_6 col col-4\"><figure class=\"vcex-image-grid-entry-figure wpex-last-mb-0 wpex-clr vc_custom_1639218238590\"><div class=\"vcex-image-grid-entry-img entry-media wpex-mb-20\"><a href=\"https:\/\/i0.wp.com\/agriturismocasteddu.com\/DEU\/wp-content\/uploads\/2021\/12\/3_cucina_agriturismocasteddu-2021-1.jpg?fit=800%2C600&#038;ssl=1\" class=\"vcex-image-grid-entry-img wpex-lightbox-group-item\" ><img data-recalc-dims=\"1\" decoding=\"async\" loading=\"lazy\" class=\"wpex-align-middle\" src=\"https:\/\/i0.wp.com\/agriturismocasteddu.com\/DEU\/wp-content\/uploads\/2021\/12\/3_cucina_agriturismocasteddu-2021-1.jpg?resize=350%2C250&#038;ssl=1\" alt=\"\" width=\"350\" height=\"250\" \/><\/a><\/div><\/figure><\/div><div class=\"id-292 vcex-image-grid-entry vcex-grid-item textcenter span_1_of_6 col col-5\"><figure class=\"vcex-image-grid-entry-figure wpex-last-mb-0 wpex-clr vc_custom_1639218238590\"><div class=\"vcex-image-grid-entry-img entry-media wpex-mb-20\"><a href=\"https:\/\/i0.wp.com\/agriturismocasteddu.com\/DEU\/wp-content\/uploads\/2021\/12\/4_cucina_agriturismocasteddu-2021-1.jpg?fit=800%2C600&#038;ssl=1\" class=\"vcex-image-grid-entry-img wpex-lightbox-group-item\" ><img data-recalc-dims=\"1\" decoding=\"async\" loading=\"lazy\" class=\"wpex-align-middle\" src=\"https:\/\/i0.wp.com\/agriturismocasteddu.com\/DEU\/wp-content\/uploads\/2021\/12\/4_cucina_agriturismocasteddu-2021-1.jpg?resize=350%2C250&#038;ssl=1\" alt=\"\" width=\"350\" height=\"250\" \/><\/a><\/div><\/figure><\/div><div class=\"id-293 vcex-image-grid-entry vcex-grid-item textcenter span_1_of_6 col col-6\"><figure class=\"vcex-image-grid-entry-figure wpex-last-mb-0 wpex-clr vc_custom_1639218238590\"><div class=\"vcex-image-grid-entry-img entry-media wpex-mb-20\"><a href=\"https:\/\/i0.wp.com\/agriturismocasteddu.com\/DEU\/wp-content\/uploads\/2021\/12\/5_cucina_agriturismocasteddu-2021-1.jpg?fit=800%2C600&#038;ssl=1\" class=\"vcex-image-grid-entry-img wpex-lightbox-group-item\" ><img data-recalc-dims=\"1\" decoding=\"async\" loading=\"lazy\" class=\"wpex-align-middle\" src=\"https:\/\/i0.wp.com\/agriturismocasteddu.com\/DEU\/wp-content\/uploads\/2021\/12\/5_cucina_agriturismocasteddu-2021-1.jpg?resize=350%2C250&#038;ssl=1\" alt=\"\" width=\"350\" height=\"250\" \/><\/a><\/div><\/figure><\/div><\/div><\/div>[\/vc_column][\/vc_row]<\/strong><\/p>\n","protected":false},"excerpt":{"rendered":"<p>[vc_row][vc_column][vc_column_text]Im Agriturismo Casteddu gibt es keine feste Speisekarte, aber wir k\u00f6nnen sagen, dass wir neben einigen Gerichten, die heute zur Geschichte der typisch sardischen K\u00fcche geh\u00f6ren, eine betr\u00e4chtliche Anzahl von Gerichten aufgenommen haben, die sich auf die Jahreszeiten und ihre&hellip;<\/p>\n","protected":false},"author":1,"featured_media":0,"parent":0,"menu_order":0,"comment_status":"closed","ping_status":"closed","template":"","meta":{"footnotes":""},"class_list":["post-164","page","type-page","status-publish","hentry","entry","no-media"],"jetpack_sharing_enabled":true,"_links":{"self":[{"href":"https:\/\/agriturismocasteddu.com\/DEU\/wp-json\/wp\/v2\/pages\/164","targetHints":{"allow":["GET"]}}],"collection":[{"href":"https:\/\/agriturismocasteddu.com\/DEU\/wp-json\/wp\/v2\/pages"}],"about":[{"href":"https:\/\/agriturismocasteddu.com\/DEU\/wp-json\/wp\/v2\/types\/page"}],"author":[{"embeddable":true,"href":"https:\/\/agriturismocasteddu.com\/DEU\/wp-json\/wp\/v2\/users\/1"}],"replies":[{"embeddable":true,"href":"https:\/\/agriturismocasteddu.com\/DEU\/wp-json\/wp\/v2\/comments?post=164"}],"version-history":[{"count":6,"href":"https:\/\/agriturismocasteddu.com\/DEU\/wp-json\/wp\/v2\/pages\/164\/revisions"}],"predecessor-version":[{"id":335,"href":"https:\/\/agriturismocasteddu.com\/DEU\/wp-json\/wp\/v2\/pages\/164\/revisions\/335"}],"wp:attachment":[{"href":"https:\/\/agriturismocasteddu.com\/DEU\/wp-json\/wp\/v2\/media?parent=164"}],"curies":[{"name":"wp","href":"https:\/\/api.w.org\/{rel}","templated":true}]}}